{"id":248,"date":"2021-08-16T16:15:52","date_gmt":"2021-08-16T21:15:52","guid":{"rendered":"https:\/\/cdh.com.mx\/?page_id=248"},"modified":"2022-05-09T17:44:30","modified_gmt":"2022-05-09T22:44:30","slug":"expositores","status":"publish","type":"page","link":"https:\/\/cdh.com.mx\/index.php\/expositores\/","title":{"rendered":"Expositores"},"content":{"rendered":"<p>[et_pb_section fb_built=&#8221;1&#8243; _builder_version=&#8221;4.10.8&#8243; _module_preset=&#8221;default&#8221; use_background_color_gradient=&#8221;on&#8221; background_color_gradient_start=&#8221;rgba(23,77,138,0.6)&#8221; background_color_gradient_end=&#8221;rgba(23,77,138,0.4)&#8221; background_color_gradient_direction=&#8221;90deg&#8221; background_color_gradient_overlays_image=&#8221;on&#8221; background_image=&#8221;https:\/\/cdh.com.mx\/wp-content\/uploads\/2021\/10\/portada-consultoria.jpg&#8221; global_colors_info=&#8221;{}&#8221;][et_pb_row _builder_version=&#8221;4.10.8&#8243; _module_preset=&#8221;default&#8221; global_colors_info=&#8221;{}&#8221;][et_pb_column type=&#8221;4_4&#8243; _builder_version=&#8221;4.10.8&#8243; _module_preset=&#8221;default&#8221; global_colors_info=&#8221;{}&#8221;][et_pb_text _builder_version=&#8221;4.14.5&#8243; _module_preset=&#8221;default&#8221; header_font=&#8221;|700||on|||||&#8221; header_text_color=&#8221;#FFFFFF&#8221; header_font_size=&#8221;40px&#8221; header_letter_spacing=&#8221;1px&#8221; global_colors_info=&#8221;{}&#8221;]<\/p>\n<h1>Expositores<\/h1>\n<p>[\/et_pb_text][\/et_pb_column][\/et_pb_row][\/et_pb_section][et_pb_section fb_built=&#8221;1&#8243; admin_label=&#8221;About us&#8221; _builder_version=&#8221;4.9.10&#8243; custom_padding=&#8221;60px||60px||true|false&#8221; global_colors_info=&#8221;{}&#8221;][et_pb_row _builder_version=&#8221;4.9.11&#8243; _module_preset=&#8221;default&#8221; global_colors_info=&#8221;{}&#8221;][et_pb_column type=&#8221;4_4&#8243; _builder_version=&#8221;4.9.11&#8243; _module_preset=&#8221;default&#8221; global_colors_info=&#8221;{}&#8221;][et_pb_text admin_label=&#8221;Title&#8221; _builder_version=&#8221;4.10.8&#8243; text_font=&#8221;||||||||&#8221; header_font=&#8221;||||||||&#8221; header_2_font=&#8221;Montserrat|600||on|||||&#8221; header_2_text_align=&#8221;center&#8221; header_2_font_size=&#8221;30px&#8221; header_2_line_height=&#8221;1.5em&#8221; custom_margin=&#8221;||5px|&#8221; animation_style=&#8221;slide&#8221; animation_direction=&#8221;top&#8221; animation_intensity_slide=&#8221;20%&#8221; animation_starting_opacity=&#8221;100%&#8221; global_colors_info=&#8221;{}&#8221;]<\/p>\n<h2 style=\"text-align: center;\">Nuestro trabajo <span style=\"color: #ff6600;\">revolucionar<\/span> el potencial humano<\/h2>\n<p>[\/et_pb_text][\/et_pb_column][\/et_pb_row][et_pb_row column_structure=&#8221;1_3,1_3,1_3&#8243; use_custom_gutter=&#8221;on&#8221; make_equal=&#8221;on&#8221; _builder_version=&#8221;4.14.5&#8243; _module_preset=&#8221;default&#8221; max_width=&#8221;2560px&#8221; global_colors_info=&#8221;{}&#8221;][et_pb_column type=&#8221;1_3&#8243; _builder_version=&#8221;4.10.8&#8243; _module_preset=&#8221;default&#8221; border_width_all=&#8221;10px&#8221; border_color_all=&#8221;#FFFFFF&#8221; box_shadow_style=&#8221;preset1&#8243; global_colors_info=&#8221;{}&#8221;][et_pb_image src=&#8221;https:\/\/cdh.com.mx\/wp-content\/uploads\/2021\/10\/isangela-espinoza.jpg&#8221; title_text=&#8221;isangela-espinoza&#8221; _builder_version=&#8221;4.10.8&#8243; _module_preset=&#8221;default&#8221; custom_margin=&#8221;||0px||false|false&#8221; custom_padding=&#8221;||0px||false|false&#8221; global_colors_info=&#8221;{}&#8221;][\/et_pb_image][et_pb_toggle title=&#8221;Isangela Espinoza&#8221; closed_toggle_background_color=&#8221;#FFFFFF&#8221; _builder_version=&#8221;4.14.5&#8243; _module_preset=&#8221;default&#8221; title_font=&#8221;||||||||&#8221; body_font=&#8221;|300|||||||&#8221; border_color_all=&#8221;#ededed&#8221; global_colors_info=&#8221;{}&#8221;]<\/p>\n<p><strong>Desarrollo organizacional\u00a0y humano<\/strong><\/p>\n<p><span>Las dos cosas que m\u00e1s me apasionan en la vida son las personas y los resultados. Te acompa\u00f1o a potencializar las habilidades de tu equipo y fortalecer la cultura a trav\u00e9s del desarrollo organizacional.<\/span><\/p>\n<p>[\/et_pb_toggle][\/et_pb_column][et_pb_column type=&#8221;1_3&#8243; _builder_version=&#8221;4.10.8&#8243; _module_preset=&#8221;default&#8221; border_width_all=&#8221;10px&#8221; border_color_all=&#8221;#FFFFFF&#8221; box_shadow_style=&#8221;preset1&#8243; global_colors_info=&#8221;{}&#8221;][et_pb_image src=&#8221;https:\/\/cdh.com.mx\/wp-content\/uploads\/2021\/10\/diana-lugo.jpg&#8221; title_text=&#8221;diana-lugo&#8221; _builder_version=&#8221;4.10.8&#8243; _module_preset=&#8221;default&#8221; custom_margin=&#8221;||0px||false|false&#8221; custom_padding=&#8221;||0px||false|false&#8221; filter_brightness=&#8221;87%&#8221; global_colors_info=&#8221;{}&#8221;][\/et_pb_image][et_pb_toggle title=&#8221;Diana Lugo&#8221; closed_toggle_background_color=&#8221;#FFFFFF&#8221; _builder_version=&#8221;4.14.5&#8243; _module_preset=&#8221;default&#8221; title_font=&#8221;||||||||&#8221; body_font=&#8221;|300|||||||&#8221; border_color_all=&#8221;#ededed&#8221; global_colors_info=&#8221;{}&#8221;]<\/p>\n<p><strong>Desarrollo\u00a0Organizacional<\/strong><\/p>\n<p><span>Te acompa\u00f1o en el proceso de construir, dise\u00f1ar y adaptar las estructuras organizacionales por medio de intervenciones que permiten alcanzar los objetivos.<\/span><\/p>\n<p>[\/et_pb_toggle][\/et_pb_column][et_pb_column type=&#8221;1_3&#8243; _builder_version=&#8221;4.10.8&#8243; _module_preset=&#8221;default&#8221; border_width_all=&#8221;10px&#8221; border_color_all=&#8221;#FFFFFF&#8221; box_shadow_style=&#8221;preset1&#8243; global_colors_info=&#8221;{}&#8221;][et_pb_image src=&#8221;https:\/\/cdh.com.mx\/wp-content\/uploads\/2021\/10\/eduardo-trevino.jpg&#8221; title_text=&#8221;eduardo-trevino&#8221; _builder_version=&#8221;4.10.8&#8243; _module_preset=&#8221;default&#8221; custom_margin=&#8221;||0px||false|false&#8221; custom_padding=&#8221;||0px||false|false&#8221; filter_brightness=&#8221;87%&#8221; global_colors_info=&#8221;{}&#8221;][\/et_pb_image][et_pb_toggle title=&#8221;Eduardo Trevi\u00f1o&#8221; closed_toggle_background_color=&#8221;#FFFFFF&#8221; _builder_version=&#8221;4.14.5&#8243; _module_preset=&#8221;default&#8221; title_font=&#8221;||||||||&#8221; body_font=&#8221;|300|||||||&#8221; border_color_all=&#8221;#ededed&#8221; global_colors_info=&#8221;{}&#8221;]<\/p>\n<p><strong>Team Building Outdoot<\/strong><\/p>\n<p>Rompe barreras. Da el paso a lo desconocido. Cumple tus metas. Disfruta de las experiencias que cambiar\u00e1n la forma de vivir tu vida.<\/p>\n<p>[\/et_pb_toggle][\/et_pb_column][\/et_pb_row][et_pb_row column_structure=&#8221;1_3,1_3,1_3&#8243; use_custom_gutter=&#8221;on&#8221; make_equal=&#8221;on&#8221; _builder_version=&#8221;4.14.5&#8243; _module_preset=&#8221;default&#8221; max_width=&#8221;2560px&#8221; global_colors_info=&#8221;{}&#8221;][et_pb_column type=&#8221;1_3&#8243; _builder_version=&#8221;4.10.8&#8243; _module_preset=&#8221;default&#8221; border_width_all=&#8221;10px&#8221; border_color_all=&#8221;#FFFFFF&#8221; box_shadow_style=&#8221;preset1&#8243; global_colors_info=&#8221;{}&#8221;][et_pb_image src=&#8221;https:\/\/cdh.com.mx\/wp-content\/uploads\/2021\/10\/gabriela-de-la-garza.jpg&#8221; title_text=&#8221;gabriela-de-la-garza&#8221; _builder_version=&#8221;4.10.8&#8243; _module_preset=&#8221;default&#8221; custom_margin=&#8221;||0px||false|false&#8221; custom_padding=&#8221;||0px||false|false&#8221; filter_brightness=&#8221;87%&#8221; global_colors_info=&#8221;{}&#8221;][\/et_pb_image][et_pb_toggle title=&#8221;Gaby de la Garza&#8221; closed_toggle_background_color=&#8221;#FFFFFF&#8221; _builder_version=&#8221;4.14.7&#8243; _module_preset=&#8221;default&#8221; title_font=&#8221;||||||||&#8221; body_font=&#8221;|300|||||||&#8221; hover_enabled=&#8221;0&#8243; border_color_all=&#8221;#ededed&#8221; global_colors_info=&#8221;{}&#8221; sticky_enabled=&#8221;0&#8243;]<\/p>\n<p><strong>Recursos Humanos<\/strong><\/p>\n<p><span>El capital humano es el recurso m\u00e1s importante en cualquier compa\u00f1\u00eda. Mi principal objetivo es acompa\u00f1arte en crear y brindar soluciones efectivas en temas de RRHH.<\/span><\/p>\n<p>[\/et_pb_toggle][\/et_pb_column][et_pb_column type=&#8221;1_3&#8243; _builder_version=&#8221;4.10.8&#8243; _module_preset=&#8221;default&#8221; border_width_all=&#8221;10px&#8221; border_color_all=&#8221;#FFFFFF&#8221; box_shadow_style=&#8221;preset1&#8243; global_colors_info=&#8221;{}&#8221;][et_pb_image src=&#8221;https:\/\/cdh.com.mx\/wp-content\/uploads\/2021\/10\/jorge-rincon.jpg&#8221; title_text=&#8221;jorge-rincon&#8221; _builder_version=&#8221;4.10.8&#8243; _module_preset=&#8221;default&#8221; custom_margin=&#8221;||0px||false|false&#8221; custom_padding=&#8221;||0px||false|false&#8221; filter_brightness=&#8221;87%&#8221; global_colors_info=&#8221;{}&#8221;][\/et_pb_image][et_pb_toggle title=&#8221;Jorge Rinc\u00f3n&#8221; closed_toggle_background_color=&#8221;#FFFFFF&#8221; _builder_version=&#8221;4.14.5&#8243; _module_preset=&#8221;default&#8221; title_font=&#8221;||||||||&#8221; body_font=&#8221;|300|||||||&#8221; border_color_all=&#8221;#ededed&#8221; global_colors_info=&#8221;{}&#8221;]<\/p>\n<p><strong>Desarrollo Humano y Liderazgo<\/strong><\/p>\n<p>El liderazgo es hacer mejor a los dem\u00e1s como resultado de la propia presencia y por ello desarrolla organizaciones a trav\u00e9s del desarrollo de nuevos liderazgos.<\/p>\n<p>[\/et_pb_toggle][\/et_pb_column][et_pb_column type=&#8221;1_3&#8243; _builder_version=&#8221;4.10.8&#8243; _module_preset=&#8221;default&#8221; border_width_all=&#8221;10px&#8221; border_color_all=&#8221;#FFFFFF&#8221; box_shadow_style=&#8221;preset1&#8243; global_colors_info=&#8221;{}&#8221;][et_pb_image src=&#8221;https:\/\/cdh.com.mx\/wp-content\/uploads\/2021\/10\/jesus-de-leon.jpg&#8221; title_text=&#8221;jesus-de-leon&#8221; _builder_version=&#8221;4.10.8&#8243; _module_preset=&#8221;default&#8221; custom_margin=&#8221;||0px||false|false&#8221; custom_padding=&#8221;||0px||false|false&#8221; global_colors_info=&#8221;{}&#8221;][\/et_pb_image][et_pb_toggle title=&#8221;Jes\u00fas de Le\u00f3n&#8221; closed_toggle_background_color=&#8221;#FFFFFF&#8221; _builder_version=&#8221;4.14.5&#8243; _module_preset=&#8221;default&#8221; title_font=&#8221;||||||||&#8221; body_font=&#8221;|300|||||||&#8221; border_color_all=&#8221;#ededed&#8221; global_colors_info=&#8221;{}&#8221;]<\/p>\n<p><strong>Empresas familiares<\/strong><\/p>\n<p><span>El \u00e9xito en la sucesi\u00f3n de la empresa familiar se incrementa significativamente cuando todos los miembros de la familia participan en el establecimiento de acuerdos.<\/span><\/p>\n<p>[\/et_pb_toggle][\/et_pb_column][\/et_pb_row][et_pb_row column_structure=&#8221;1_3,1_3,1_3&#8243; use_custom_gutter=&#8221;on&#8221; make_equal=&#8221;on&#8221; _builder_version=&#8221;4.14.5&#8243; _module_preset=&#8221;default&#8221; max_width=&#8221;2560px&#8221; global_colors_info=&#8221;{}&#8221;][et_pb_column type=&#8221;1_3&#8243; _builder_version=&#8221;4.10.8&#8243; _module_preset=&#8221;default&#8221; border_width_all=&#8221;10px&#8221; border_color_all=&#8221;#FFFFFF&#8221; box_shadow_style=&#8221;preset1&#8243; global_colors_info=&#8221;{}&#8221;][et_pb_image src=&#8221;https:\/\/cdh.com.mx\/wp-content\/uploads\/2021\/10\/paco-montoya.jpg&#8221; title_text=&#8221;paco-montoya&#8221; _builder_version=&#8221;4.10.8&#8243; _module_preset=&#8221;default&#8221; custom_margin=&#8221;||0px||false|false&#8221; custom_padding=&#8221;||0px||false|false&#8221; filter_brightness=&#8221;87%&#8221; global_colors_info=&#8221;{}&#8221;][\/et_pb_image][et_pb_toggle title=&#8221;Paco Montoya&#8221; closed_toggle_background_color=&#8221;#FFFFFF&#8221; _builder_version=&#8221;4.14.5&#8243; _module_preset=&#8221;default&#8221; title_font=&#8221;||||||||&#8221; body_font=&#8221;|300|||||||&#8221; border_color_all=&#8221;#ededed&#8221; global_colors_info=&#8221;{}&#8221;]<\/p>\n<p><strong>Finanzas personales<\/strong><\/p>\n<p><span>Te explico las finanzas para que tu \u201cyo\u201d de ni\u00f1o las entienda, que tu \u201cyo\u201d como adulto tome decisiones y que tu \u201cyo\u201d de viejito, el d\u00eda de ma\u00f1ana, est\u00e9 tranquilo financieramente.<\/span><\/p>\n<p>[\/et_pb_toggle][\/et_pb_column][et_pb_column type=&#8221;1_3&#8243; _builder_version=&#8221;4.10.8&#8243; _module_preset=&#8221;default&#8221; border_width_all=&#8221;10px&#8221; border_color_all=&#8221;#FFFFFF&#8221; box_shadow_style=&#8221;preset1&#8243; global_colors_info=&#8221;{}&#8221;][et_pb_image src=&#8221;https:\/\/cdh.com.mx\/wp-content\/uploads\/2021\/10\/pedro-fermin.jpg&#8221; title_text=&#8221;pedro-fermin&#8221; _builder_version=&#8221;4.10.8&#8243; _module_preset=&#8221;default&#8221; custom_margin=&#8221;||0px||false|false&#8221; custom_padding=&#8221;||0px||false|false&#8221; filter_brightness=&#8221;87%&#8221; global_colors_info=&#8221;{}&#8221;][\/et_pb_image][et_pb_toggle title=&#8221;Pedro Fermin&#8221; closed_toggle_background_color=&#8221;#FFFFFF&#8221; _builder_version=&#8221;4.14.5&#8243; _module_preset=&#8221;default&#8221; title_font=&#8221;||||||||&#8221; body_font=&#8221;|300|||||||&#8221; border_color_all=&#8221;#ededed&#8221; global_colors_info=&#8221;{}&#8221;]<\/p>\n<p><strong>Transformaci\u00f3n digital<\/strong><\/p>\n<p><span style=\"font-weight: 400;\">Te ayudo en la expansi\u00f3n digital de tu empresa a trav\u00e9s del liderazgo aumentado.<\/span><\/p>\n<p>[\/et_pb_toggle][\/et_pb_column][et_pb_column type=&#8221;1_3&#8243; _builder_version=&#8221;4.10.8&#8243; _module_preset=&#8221;default&#8221; border_width_all=&#8221;10px&#8221; border_color_all=&#8221;#FFFFFF&#8221; box_shadow_style=&#8221;preset1&#8243; global_colors_info=&#8221;{}&#8221;][et_pb_image src=&#8221;https:\/\/cdh.com.mx\/wp-content\/uploads\/2021\/10\/samantha-de-la-cerda.jpg&#8221; title_text=&#8221;samantha-de-la-cerda&#8221; _builder_version=&#8221;4.10.8&#8243; _module_preset=&#8221;default&#8221; custom_margin=&#8221;||0px||false|false&#8221; custom_padding=&#8221;||0px||false|false&#8221; filter_brightness=&#8221;87%&#8221; global_colors_info=&#8221;{}&#8221;][\/et_pb_image][et_pb_toggle title=&#8221;Samantha de la Cerda&#8221; closed_toggle_background_color=&#8221;#FFFFFF&#8221; _builder_version=&#8221;4.14.5&#8243; _module_preset=&#8221;default&#8221; title_font=&#8221;||||||||&#8221; body_font=&#8221;|300|||||||&#8221; border_color_all=&#8221;#ededed&#8221; global_colors_info=&#8221;{}&#8221;]<\/p>\n<p><strong>Impo\/ Expo<\/strong><\/p>\n<p><span>Cada detalle es importante, desde el momento en que decides desde o hacia donde importar o exportar, o conocer que modelo de comercio exterior se acomoda mejor a tus operaciones<\/span><\/p>\n<p>[\/et_pb_toggle][\/et_pb_column][\/et_pb_row][et_pb_row column_structure=&#8221;1_3,1_3,1_3&#8243; use_custom_gutter=&#8221;on&#8221; make_equal=&#8221;on&#8221; _builder_version=&#8221;4.14.7&#8243; _module_preset=&#8221;default&#8221; max_width=&#8221;2560px&#8221; global_colors_info=&#8221;{}&#8221;][et_pb_column type=&#8221;1_3&#8243; _builder_version=&#8221;4.10.8&#8243; _module_preset=&#8221;default&#8221; border_width_all=&#8221;10px&#8221; border_color_all=&#8221;#FFFFFF&#8221; box_shadow_style=&#8221;preset1&#8243; global_colors_info=&#8221;{}&#8221;][et_pb_image src=&#8221;https:\/\/cdh.com.mx\/wp-content\/uploads\/2022\/02\/Jehu.png&#8221; title_text=&#8221;Jehu&#8221; _builder_version=&#8221;4.14.7&#8243; _module_preset=&#8221;default&#8221; custom_margin=&#8221;||0px||false|false&#8221; custom_padding=&#8221;||0px||false|false&#8221; filter_brightness=&#8221;87%&#8221; global_colors_info=&#8221;{}&#8221;][\/et_pb_image][et_pb_toggle title=&#8221;Jehu&#8221; closed_toggle_background_color=&#8221;#FFFFFF&#8221; _builder_version=&#8221;4.14.7&#8243; _module_preset=&#8221;default&#8221; title_font=&#8221;||||||||&#8221; body_font=&#8221;|300|||||||&#8221; border_color_all=&#8221;#ededed&#8221; global_colors_info=&#8221;{}&#8221;]<strong>Impo\/ Expo, Agencia aduanal<\/strong><\/p>\n<p><span>Te ofrezco servicios de despacho aduanal y log\u00edstica internacional. Con servicios de US COSTOMS BROKER, asesor\u00eda integral de comercio exterior, transporte, asesor\u00eda en programas IMMEX y PROSEC, asesor\u00eda en tratados de libre comercio TMEC y EUR1, control de inventarios (anexo 24 y anexo 31), etiquetado de mercanc\u00eda NOM-050, operaciones especiales, almacenaje y forwarding.<\/span>[\/et_pb_toggle][\/et_pb_column][et_pb_column type=&#8221;1_3&#8243; _builder_version=&#8221;4.14.7&#8243; _module_preset=&#8221;default&#8221; global_colors_info=&#8221;{}&#8221;][\/et_pb_column][et_pb_column type=&#8221;1_3&#8243; _builder_version=&#8221;4.14.7&#8243; _module_preset=&#8221;default&#8221; border_width_all=&#8221;10px&#8221; border_color_all=&#8221;#FFFFFF&#8221; global_colors_info=&#8221;{}&#8221;][\/et_pb_column][\/et_pb_row][\/et_pb_section]<\/p>\n","protected":false},"excerpt":{"rendered":"<p>ExpositoresNuestro trabajo revolucionar el potencial humanoDesarrollo organizacional\u00a0y humano Las dos cosas que m\u00e1s me apasionan en la vida son las personas y los resultados. Te acompa\u00f1o a potencializar las habilidades de tu equipo y fortalecer la cultura a trav\u00e9s del desarrollo organizacional.Desarrollo\u00a0Organizacional Te acompa\u00f1o en el proceso de construir, dise\u00f1ar y adaptar las estructuras organizacionales [&hellip;]<\/p>\n","protected":false},"author":1,"featured_media":0,"parent":0,"menu_order":0,"comment_status":"closed","ping_status":"closed","template":"","meta":{"_et_pb_use_builder":"on","_et_pb_old_content":"","_et_gb_content_width":"","footnotes":""},"class_list":["post-248","page","type-page","status-publish","hentry"],"_links":{"self":[{"href":"https:\/\/cdh.com.mx\/index.php\/wp-json\/wp\/v2\/pages\/248","targetHints":{"allow":["GET"]}}],"collection":[{"href":"https:\/\/cdh.com.mx\/index.php\/wp-json\/wp\/v2\/pages"}],"about":[{"href":"https:\/\/cdh.com.mx\/index.php\/wp-json\/wp\/v2\/types\/page"}],"author":[{"embeddable":true,"href":"https:\/\/cdh.com.mx\/index.php\/wp-json\/wp\/v2\/users\/1"}],"replies":[{"embeddable":true,"href":"https:\/\/cdh.com.mx\/index.php\/wp-json\/wp\/v2\/comments?post=248"}],"version-history":[{"count":17,"href":"https:\/\/cdh.com.mx\/index.php\/wp-json\/wp\/v2\/pages\/248\/revisions"}],"predecessor-version":[{"id":688,"href":"https:\/\/cdh.com.mx\/index.php\/wp-json\/wp\/v2\/pages\/248\/revisions\/688"}],"wp:attachment":[{"href":"https:\/\/cdh.com.mx\/index.php\/wp-json\/wp\/v2\/media?parent=248"}],"curies":[{"name":"wp","href":"https:\/\/api.w.org\/{rel}","templated":true}]}}