{"id":172,"date":"2021-07-30T11:41:05","date_gmt":"2021-07-30T16:41:05","guid":{"rendered":"http:\/\/cdh.com.mx\/?page_id=172"},"modified":"2022-02-02T11:58:54","modified_gmt":"2022-02-02T16:58:54","slug":"cursos-y-talleres","status":"publish","type":"page","link":"https:\/\/cdh.com.mx\/index.php\/cursos-y-talleres\/","title":{"rendered":"Cursos y Talleres"},"content":{"rendered":"\n[et_pb_section fb_built=&#8221;1&#8243; _builder_version=&#8221;4.10.8&#8243; _module_preset=&#8221;default&#8221; use_background_color_gradient=&#8221;on&#8221; background_color_gradient_start=&#8221;rgba(23,77,138,0.6)&#8221; background_color_gradient_end=&#8221;rgba(23,77,138,0.4)&#8221; background_color_gradient_direction=&#8221;90deg&#8221; background_color_gradient_overlays_image=&#8221;on&#8221; background_image=&#8221;https:\/\/cdh.com.mx\/wp-content\/uploads\/2021\/10\/portada-consultoria.jpg&#8221; global_colors_info=&#8221;{}&#8221;][et_pb_row _builder_version=&#8221;4.10.8&#8243; _module_preset=&#8221;default&#8221; global_colors_info=&#8221;{}&#8221;][et_pb_column type=&#8221;4_4&#8243; _builder_version=&#8221;4.10.8&#8243; _module_preset=&#8221;default&#8221; global_colors_info=&#8221;{}&#8221;][et_pb_text _builder_version=&#8221;4.14.7&#8243; _module_preset=&#8221;default&#8221; header_font=&#8221;|700||on|||||&#8221; header_text_color=&#8221;#FFFFFF&#8221; header_font_size=&#8221;40px&#8221; header_letter_spacing=&#8221;1px&#8221; hover_enabled=&#8221;0&#8243; global_colors_info=&#8221;{}&#8221; sticky_enabled=&#8221;0&#8243;]<h1>Cursos y Talleres<\/h1>[\/et_pb_text][\/et_pb_column][\/et_pb_row][\/et_pb_section][et_pb_section fb_built=&#8221;1&#8243; admin_label=&#8221;About Section&#8221; _builder_version=&#8221;4.10.8&#8243; background_color=&#8221;#f7f7f7&#8243; global_colors_info=&#8221;{}&#8221;][et_pb_row _builder_version=&#8221;4.10.8&#8243; _module_preset=&#8221;default&#8221; max_width=&#8221;2560px&#8221; global_colors_info=&#8221;{}&#8221;][et_pb_column type=&#8221;4_4&#8243; _builder_version=&#8221;4.10.8&#8243; _module_preset=&#8221;default&#8221; global_colors_info=&#8221;{}&#8221;][et_pb_text disabled_on=&#8221;off|off|off&#8221; admin_label=&#8221;Title&#8221; _builder_version=&#8221;4.10.8&#8243; text_font=&#8221;|300|||||||&#8221; text_font_size=&#8221;15px&#8221; text_line_height=&#8221;1.8em&#8221; header_font=&#8221;||||||||&#8221; header_2_font=&#8221;|700||on|||||&#8221; header_2_line_height=&#8221;1.5em&#8221; text_orientation=&#8221;center&#8221; width=&#8221;70%&#8221; width_tablet=&#8221;&#8221; width_phone=&#8221;100%&#8221; width_last_edited=&#8221;on|phone&#8221; module_alignment=&#8221;center&#8221; custom_margin=&#8221;||5px|&#8221; custom_padding=&#8221;0px|||||&#8221; animation_style=&#8221;slide&#8221; animation_direction=&#8221;top&#8221; animation_intensity_slide=&#8221;20%&#8221; animation_starting_opacity=&#8221;100%&#8221; text_orientation_tablet=&#8221;&#8221; text_orientation_phone=&#8221;justified&#8221; text_orientation_last_edited=&#8221;on|phone&#8221; global_colors_info=&#8221;{}&#8221;]<h2>Nuestro objetivo es <span style=\"color: #ff5b0c;\">revolucionar<\/span> el potencial humano<\/h2>\n<p>Contamos con diversos<strong> cursos, talleres, diplomados y seminarios<\/strong> en modalidad presencial y en l\u00ednea, impartidos por expertos en el tema, con el objetivo de potencializar los resultados de negocio.<\/p>[\/et_pb_text][\/et_pb_column][\/et_pb_row][et_pb_row column_structure=&#8221;1_2,1_2&#8243; _builder_version=&#8221;4.10.8&#8243; _module_preset=&#8221;default&#8221; max_width=&#8221;2560px&#8221; global_colors_info=&#8221;{}&#8221;][et_pb_column type=&#8221;1_2&#8243; _builder_version=&#8221;4.10.8&#8243; _module_preset=&#8221;default&#8221; global_colors_info=&#8221;{}&#8221;][et_pb_image src=&#8221;https:\/\/cdh.com.mx\/wp-content\/uploads\/2021\/10\/cursos-de-negocios.jpg&#8221; title_text=&#8221;cursos-de-negocios&#8221; _builder_version=&#8221;4.10.8&#8243; _module_preset=&#8221;default&#8221; filter_saturate=&#8221;57%&#8221; filter_brightness=&#8221;85%&#8221; global_colors_info=&#8221;{}&#8221;][\/et_pb_image][\/et_pb_column][et_pb_column type=&#8221;1_2&#8243; _builder_version=&#8221;4.10.8&#8243; _module_preset=&#8221;default&#8221; global_colors_info=&#8221;{}&#8221;][et_pb_toggle title=&#8221;Trabajo en equipo&#8221; closed_toggle_background_color=&#8221;rgba(255,255,255,0)&#8221; icon_color=&#8221;#ff5b0c&#8221; open_icon_color=&#8221;#ff5b0c&#8221; _builder_version=&#8221;4.14.7&#8243; _module_preset=&#8221;default&#8221; title_font=&#8221;|700||on|||||&#8221; title_font_size=&#8221;14px&#8221; closed_title_font=&#8221;|700|||||||&#8221; body_font=&#8221;|300|||||||&#8221; max_width=&#8221;100%&#8221; custom_margin=&#8221;||15px||false|false&#8221; custom_padding=&#8221;12px||12px||true|false&#8221; hover_enabled=&#8221;0&#8243; border_radii=&#8221;on|6px|6px|6px|6px&#8221; border_color_all=&#8221;#dbdbdb&#8221; global_colors_info=&#8221;{}&#8221; sticky_enabled=&#8221;0&#8243;]<ul>\n\t<li>Distinguir conceptos fundamentales del trabajo en equipo<\/li>\n\t<li>Desarrollar estrategias de trabajo que faciliten el funcionamiento como un equipo<\/li>\n\t<li>Conocer y aplicar las variables que determinan y caracterizan a los equipos de trabajos.<\/li>\n\t<li>Habilidades: Gesti\u00f3n de proyectos, capacidad de negociaci\u00f3n y an\u00e1lisis, gesti\u00f3n de tiempo, toma de decisiones.<\/li>\n\n<\/ul>[\/et_pb_toggle][et_pb_toggle title=&#8221;Competencias laborales&#8221; closed_toggle_background_color=&#8221;rgba(255,255,255,0)&#8221; icon_color=&#8221;#ff5b0c&#8221; open_icon_color=&#8221;#ff5b0c&#8221; _builder_version=&#8221;4.14.7&#8243; _module_preset=&#8221;default&#8221; title_font=&#8221;|700||on|||||&#8221; title_font_size=&#8221;14px&#8221; closed_title_font=&#8221;|700|||||||&#8221; body_font=&#8221;|300|||||||&#8221; max_width=&#8221;100%&#8221; custom_margin=&#8221;||15px||false|false&#8221; custom_padding=&#8221;12px||12px||true|false&#8221; hover_enabled=&#8221;0&#8243; border_radii=&#8221;on|6px|6px|6px|6px&#8221; border_color_all=&#8221;#dbdbdb&#8221; global_colors_info=&#8221;{}&#8221; sticky_enabled=&#8221;0&#8243;]<ul>\n\t<li>Toma de decisiones<\/li>\n\t<li>Pensamiento cr\u00edtico <\/li>\n\t<li>Soluci\u00f3n de conflictos<\/li>\n\t<li>Habilidad interpersonal<\/li>\n\t<li>Habilidades generales<\/li>\n\n<\/ul>[\/et_pb_toggle][et_pb_toggle title=&#8221;Resiliencia&#8221; closed_toggle_background_color=&#8221;rgba(255,255,255,0)&#8221; icon_color=&#8221;#ff5b0c&#8221; open_icon_color=&#8221;#ff5b0c&#8221; _builder_version=&#8221;4.14.7&#8243; _module_preset=&#8221;default&#8221; title_font=&#8221;|700||on|||||&#8221; title_font_size=&#8221;14px&#8221; closed_title_font=&#8221;|700|||||||&#8221; body_font=&#8221;|300|||||||&#8221; max_width=&#8221;100%&#8221; custom_margin=&#8221;||15px||false|false&#8221; custom_padding=&#8221;12px||12px||true|false&#8221; hover_enabled=&#8221;0&#8243; border_radii=&#8221;on|6px|6px|6px|6px&#8221; border_color_all=&#8221;#dbdbdb&#8221; global_colors_info=&#8221;{}&#8221; sticky_enabled=&#8221;0&#8243;]<ul>\n\t<li>Resiliencia<\/li>\n\t<li>Beneficios<\/li>\n\t<li>Resiliencia en tiempos de crisis<\/li>\n\t<li>Resiliencia durante COVID<\/li>\n\t<li>Resiliencia empresarial<\/li>\n\t<li>Potenciando resiliencia en empleados<\/li>\n<\/ul>[\/et_pb_toggle][et_pb_toggle title=&#8221;Comunicaci\u00f3n efectiva en los negocios&#8221; closed_toggle_background_color=&#8221;rgba(255,255,255,0)&#8221; icon_color=&#8221;#ff5b0c&#8221; open_icon_color=&#8221;#ff5b0c&#8221; _builder_version=&#8221;4.14.7&#8243; _module_preset=&#8221;default&#8221; title_font=&#8221;|700||on|||||&#8221; title_font_size=&#8221;14px&#8221; closed_title_font=&#8221;|700|||||||&#8221; body_font=&#8221;|300|||||||&#8221; max_width=&#8221;100%&#8221; custom_margin=&#8221;||15px||false|false&#8221; custom_padding=&#8221;12px||12px||true|false&#8221; hover_enabled=&#8221;0&#8243; border_radii=&#8221;on|6px|6px|6px|6px&#8221; border_color_all=&#8221;#dbdbdb&#8221; global_colors_info=&#8221;{}&#8221; sticky_enabled=&#8221;0&#8243;]<ul>\n\t<li>Comunicaci\u00f3n efectiva<\/li>\n\t<li>Comunicaci\u00f3n oral<\/li>\n\t<li>Retroalimentaci\u00f3n<\/li>\n\t<li>Redacci\u00f3n profesional<\/li>\n\t<li>Asertividad<\/li>\n\t<li>Autorregulaci\u00f3n<\/li>\n\t<li>Automatizaci\u00f3n<\/li>\n\t<li>Empat\u00eda<\/li>\n\t<li>Relaciones sociales<\/li>\n\t<li>Inteligencia emocional en el trabajo<\/li>\n\t<li>Autoconocimiento<\/li>\n\t<li>Habilidades: uso de reflexi\u00f3n, an\u00e1lisis introspectivo<\/li>\n<\/ul>[\/et_pb_toggle][et_pb_toggle title=&#8221;Manejo del tiempo y productividad&#8221; closed_toggle_background_color=&#8221;rgba(255,255,255,0)&#8221; icon_color=&#8221;#ff5b0c&#8221; open_icon_color=&#8221;#ff5b0c&#8221; _builder_version=&#8221;4.14.7&#8243; _module_preset=&#8221;default&#8221; title_font=&#8221;|700||on|||||&#8221; title_font_size=&#8221;14px&#8221; closed_title_font=&#8221;|700|||||||&#8221; body_font=&#8221;|300|||||||&#8221; max_width=&#8221;100%&#8221; custom_margin=&#8221;||15px||false|false&#8221; custom_padding=&#8221;12px||12px||true|false&#8221; hover_enabled=&#8221;0&#8243; border_radii=&#8221;on|6px|6px|6px|6px&#8221; border_color_all=&#8221;#dbdbdb&#8221; global_colors_info=&#8221;{}&#8221; sticky_enabled=&#8221;0&#8243;]<ul>\n\t<li>Manejo del tiempo<\/li>\n\t<li>Productividad<\/li>\n\t<li>Control del estr\u00e9s<\/li>\n\t<li>Habilidades: administraci\u00f3n del tiempo, toma de decisiones, comunicaci\u00f3n <\/li>\n<\/ul>[\/et_pb_toggle][et_pb_toggle title=&#8221;Pensamiento critico&#8221; closed_toggle_background_color=&#8221;rgba(255,255,255,0)&#8221; icon_color=&#8221;#ff5b0c&#8221; open_icon_color=&#8221;#ff5b0c&#8221; _builder_version=&#8221;4.14.7&#8243; _module_preset=&#8221;default&#8221; title_font=&#8221;|700||on|||||&#8221; title_font_size=&#8221;14px&#8221; closed_title_font=&#8221;|700|||||||&#8221; body_font=&#8221;|300|||||||&#8221; max_width=&#8221;100%&#8221; custom_margin=&#8221;||15px||false|false&#8221; custom_padding=&#8221;12px||12px||true|false&#8221; hover_enabled=&#8221;0&#8243; border_radii=&#8221;on|6px|6px|6px|6px&#8221; border_color_all=&#8221;#dbdbdb&#8221; global_colors_info=&#8221;{}&#8221; sticky_enabled=&#8221;0&#8243;]<ul>\n\t<li>Toma de decisiones<\/li>\n\t<li>Soluci\u00f3n de problemas<\/li>\n\t<li>Pensamiento critico <\/li>\n\t<li>An\u00e1lisis de informaci\u00f3n<\/li>\n\t<li>Recopilaci\u00f3n de informaci\u00f3n<\/li>\n\t<li>Amplitud del punto de vista <\/li>\n<\/ul>[\/et_pb_toggle][et_pb_toggle title=&#8221;Transformaci\u00f3n digital&#8221; closed_toggle_background_color=&#8221;rgba(255,255,255,0)&#8221; icon_color=&#8221;#ff5b0c&#8221; open_icon_color=&#8221;#ff5b0c&#8221; _builder_version=&#8221;4.14.7&#8243; _module_preset=&#8221;default&#8221; title_font=&#8221;|700||on|||||&#8221; title_font_size=&#8221;14px&#8221; closed_title_font=&#8221;|700|||||||&#8221; body_font=&#8221;|300|||||||&#8221; max_width=&#8221;100%&#8221; custom_margin=&#8221;||15px||false|false&#8221; custom_padding=&#8221;12px||12px||true|false&#8221; hover_enabled=&#8221;0&#8243; border_radii=&#8221;on|6px|6px|6px|6px&#8221; border_color_all=&#8221;#dbdbdb&#8221; global_colors_info=&#8221;{}&#8221; sticky_enabled=&#8221;0&#8243;]<ul>\n\t<li>Tecnolog\u00eda<\/li>\n\t<li>An\u00e1lisis<\/li>\n\t<li>Emprendimiento<\/li>\n\t<li>B\u00fasqueda de la innovaci\u00f3n<\/li>\n<\/ul>[\/et_pb_toggle][et_pb_toggle title=&#8221;Calidad en el servicio&#8221; closed_toggle_background_color=&#8221;rgba(255,255,255,0)&#8221; icon_color=&#8221;#ff5b0c&#8221; open_icon_color=&#8221;#ff5b0c&#8221; _builder_version=&#8221;4.14.7&#8243; _module_preset=&#8221;default&#8221; title_font=&#8221;|700||on|||||&#8221; title_font_size=&#8221;14px&#8221; closed_title_font=&#8221;|700|||||||&#8221; body_font=&#8221;|300|||||||&#8221; max_width=&#8221;100%&#8221; custom_margin=&#8221;||15px||false|false&#8221; custom_padding=&#8221;12px||12px||true|false&#8221; hover_enabled=&#8221;0&#8243; border_radii=&#8221;on|6px|6px|6px|6px&#8221; border_color_all=&#8221;#dbdbdb&#8221; global_colors_info=&#8221;{}&#8221; sticky_enabled=&#8221;0&#8243;]<ul>\n<li>Trato de excelencia para con el cliente.<\/li>\n<li>Calidad y calidez<\/li>\n<li>Los clientes como base del crecimiento<\/li>\n<li>Servicio de apoyo y gesti\u00f3n<\/li>\n<li>Fomento de actitud y aptitud para un excelente servicio.<\/li>\n<\/ul>[\/et_pb_toggle][et_pb_toggle title=&#8221;Liderazgo estrat\u00e9gico&#8221; closed_toggle_background_color=&#8221;rgba(255,255,255,0)&#8221; icon_color=&#8221;#ff5b0c&#8221; open_icon_color=&#8221;#ff5b0c&#8221; _builder_version=&#8221;4.13.0&#8243; _module_preset=&#8221;default&#8221; title_font=&#8221;|700||on|||||&#8221; title_font_size=&#8221;14px&#8221; closed_title_font=&#8221;|700|||||||&#8221; body_font=&#8221;|300|||||||&#8221; max_width=&#8221;100%&#8221; custom_margin=&#8221;||15px||false|false&#8221; custom_padding=&#8221;12px||12px||true|false&#8221; border_radii=&#8221;on|6px|6px|6px|6px&#8221; border_color_all=&#8221;#dbdbdb&#8221; global_colors_info=&#8221;{}&#8221;]<ul>\n<li>Detectar l\u00edderes potenciales<\/li>\n<li>Descubrir, desarrollar y aplicar su potencial de liderazgo.<\/li>\n<li>Conducci\u00f3n y direcci\u00f3n de l\u00edder<\/li>\n<li>Eficacia con las personas<\/li>\n<li>Anticipaci\u00f3n al cambio<\/li>\n<li>Facultar autoridad<\/li>\n<\/ul>[\/et_pb_toggle][et_pb_toggle title=&#8221;Lenguaje corporal y detecci\u00f3n de mentiras&#8221; closed_toggle_background_color=&#8221;rgba(255,255,255,0)&#8221; icon_color=&#8221;#ff5b0c&#8221; open_icon_color=&#8221;#ff5b0c&#8221; _builder_version=&#8221;4.13.0&#8243; _module_preset=&#8221;default&#8221; title_font=&#8221;|700||on|||||&#8221; title_font_size=&#8221;14px&#8221; closed_title_font=&#8221;|700|||||||&#8221; body_font=&#8221;|300|||||||&#8221; max_width=&#8221;100%&#8221; custom_margin=&#8221;||15px||false|false&#8221; custom_padding=&#8221;12px||12px||true|false&#8221; border_radii=&#8221;on|6px|6px|6px|6px&#8221; border_color_all=&#8221;#dbdbdb&#8221; global_colors_info=&#8221;{}&#8221;]<p>Le permite al participante:<\/p>\n<ul>\n<li>Aprender se\u00f1ales de poder y persuasi\u00f3n.<\/li>\n<li>Entender los conceptos del lenguaje corporal y las microexpresiones faciales.<\/li>\n<li>Entender el significado de los movimientos corporales.<\/li>\n<li>Persuadir e influir sobre las personas.<\/li>\n<li>Transmitir seguridad, credibilidad y empat\u00eda.<\/li>\n<li>Aumentar abismalmente sus ventas.<\/li>\n<li>Mejoras su capacidad de negociaci\u00f3n.<\/li>\n<li>Comunicar y expresar como un verdadero profesional.<\/li>\n<li>Impactar en el escenario.<\/li>\n<li>Dominar en tus reuniones o juntas laborales.<\/li>\n<li>Conquistar y convencer con tu producto, idea o servicio.<\/li>\n<li>Disminuir la rotaci\u00f3n de personal.<\/li>\n<li>Detectar mentiras.<\/li>\n<li>Aplicarlo en juicios orales.<\/li>\n<\/ul>[\/et_pb_toggle][\/et_pb_column][\/et_pb_row][et_pb_row column_structure=&#8221;1_2,1_2&#8243; _builder_version=&#8221;4.10.8&#8243; _module_preset=&#8221;default&#8221; max_width=&#8221;2560px&#8221; global_colors_info=&#8221;{}&#8221;][et_pb_column type=&#8221;1_2&#8243; _builder_version=&#8221;4.10.8&#8243; _module_preset=&#8221;default&#8221; global_colors_info=&#8221;{}&#8221;][et_pb_toggle title=&#8221;Administraci\u00f3n de proyectos&#8221; closed_toggle_background_color=&#8221;rgba(255,255,255,0)&#8221; icon_color=&#8221;#ff5b0c&#8221; open_icon_color=&#8221;#ff5b0c&#8221; _builder_version=&#8221;4.14.7&#8243; _module_preset=&#8221;default&#8221; title_font=&#8221;|700||on|||||&#8221; title_font_size=&#8221;14px&#8221; closed_title_font=&#8221;|700|||||||&#8221; body_font=&#8221;|300|||||||&#8221; max_width=&#8221;100%&#8221; custom_margin=&#8221;||15px||false|false&#8221; custom_padding=&#8221;12px||12px||true|false&#8221; hover_enabled=&#8221;0&#8243; border_radii=&#8221;on|6px|6px|6px|6px&#8221; border_color_all=&#8221;#dbdbdb&#8221; global_colors_info=&#8221;{}&#8221; sticky_enabled=&#8221;0&#8243;][\/et_pb_toggle][et_pb_toggle title=&#8221;Diplomado o curso Excel Intermedio y Avanzado&#8221; closed_toggle_background_color=&#8221;rgba(255,255,255,0)&#8221; icon_color=&#8221;#ff5b0c&#8221; open_icon_color=&#8221;#ff5b0c&#8221; _builder_version=&#8221;4.14.7&#8243; _module_preset=&#8221;default&#8221; title_font=&#8221;|700||on|||||&#8221; title_font_size=&#8221;14px&#8221; closed_title_font=&#8221;|700|||||||&#8221; body_font=&#8221;|300|||||||&#8221; max_width=&#8221;100%&#8221; custom_margin=&#8221;||15px||false|false&#8221; custom_padding=&#8221;12px||12px||true|false&#8221; hover_enabled=&#8221;0&#8243; border_radii=&#8221;on|6px|6px|6px|6px&#8221; border_color_all=&#8221;#dbdbdb&#8221; global_colors_info=&#8221;{}&#8221; sticky_enabled=&#8221;0&#8243;]<ul>\n<li>Funciones y f\u00f3rmulas.<\/li>\n<li>Tablas y gr\u00e1ficos din\u00e1micos.<\/li>\n<li>An\u00e1lisis de datos.<\/li>\n<li>Validaci\u00f3n de datos.<\/li>\n<li>F\u00f3rmulas condicionales.<\/li>\n<li>F\u00f3rmulas anidadas.<\/li>\n<li>Automatizaci\u00f3n de tareas a trav\u00e9s de macros.<\/li>\n<\/ul>[\/et_pb_toggle][et_pb_toggle title=&#8221;Interpretaci\u00f3n de las normas:&#8221; closed_toggle_background_color=&#8221;rgba(255,255,255,0)&#8221; icon_color=&#8221;#ff5b0c&#8221; open_icon_color=&#8221;#ff5b0c&#8221; _builder_version=&#8221;4.14.7&#8243; _module_preset=&#8221;default&#8221; title_font=&#8221;|700||on|||||&#8221; title_font_size=&#8221;14px&#8221; closed_title_font=&#8221;|700|||||||&#8221; body_font=&#8221;|300|||||||&#8221; max_width=&#8221;100%&#8221; custom_margin=&#8221;||15px||false|false&#8221; custom_padding=&#8221;12px||12px||true|false&#8221; hover_enabled=&#8221;0&#8243; border_radii=&#8221;on|6px|6px|6px|6px&#8221; border_color_all=&#8221;#dbdbdb&#8221; global_colors_info=&#8221;{}&#8221; sticky_enabled=&#8221;0&#8243;]<ul>\n\t<li>ISO 9001.<\/li>\n\t<li>ISO 37001.<\/li>\n\t<li>ISO 14001.<\/li>\n\t<li>ISO 45001.<\/li>\n\t<li>NMX-R- 026-SCFI-2009.<\/li>\n\t<li>OLA (Operador Logistico Acreditado)<\/li>\n\t<li>OEA (Operador Economico Autorizado)<\/li>\n\t<li>Formaci\u00f3n de Auditores Internos, con base a la ISO 1901.<\/li>\n\t<li>o An\u00e1lisis de Riesgos, con base a la ISO 31000 y 31010.<\/li>\n<\/ul>[\/et_pb_toggle][et_pb_toggle title=&#8221;Desarrollo humano&#8221; closed_toggle_background_color=&#8221;rgba(255,255,255,0)&#8221; icon_color=&#8221;#ff5b0c&#8221; open_icon_color=&#8221;#ff5b0c&#8221; _builder_version=&#8221;4.14.7&#8243; _module_preset=&#8221;default&#8221; title_font=&#8221;|700||on|||||&#8221; title_font_size=&#8221;14px&#8221; closed_title_font=&#8221;|700|||||||&#8221; body_font=&#8221;|300|||||||&#8221; max_width=&#8221;100%&#8221; custom_margin=&#8221;||15px||false|false&#8221; custom_padding=&#8221;12px||12px||true|false&#8221; hover_enabled=&#8221;0&#8243; border_radii=&#8221;on|6px|6px|6px|6px&#8221; border_color_all=&#8221;#dbdbdb&#8221; global_colors_info=&#8221;{}&#8221; sticky_enabled=&#8221;0&#8243;][\/et_pb_toggle][et_pb_toggle title=&#8221;Desarrollo Organizacional y Cambio&#8221; closed_toggle_background_color=&#8221;rgba(255,255,255,0)&#8221; icon_color=&#8221;#ff5b0c&#8221; open_icon_color=&#8221;#ff5b0c&#8221; _builder_version=&#8221;4.14.7&#8243; _module_preset=&#8221;default&#8221; title_font=&#8221;|700||on|||||&#8221; title_font_size=&#8221;14px&#8221; closed_title_font=&#8221;|700|||||||&#8221; body_font=&#8221;|300|||||||&#8221; max_width=&#8221;100%&#8221; custom_margin=&#8221;||15px||false|false&#8221; custom_padding=&#8221;12px||12px||true|false&#8221; hover_enabled=&#8221;0&#8243; border_radii=&#8221;on|6px|6px|6px|6px&#8221; border_color_all=&#8221;#dbdbdb&#8221; global_colors_info=&#8221;{}&#8221; sticky_enabled=&#8221;0&#8243;][\/et_pb_toggle][\/et_pb_column][et_pb_column type=&#8221;1_2&#8243; _builder_version=&#8221;4.10.8&#8243; _module_preset=&#8221;default&#8221; global_colors_info=&#8221;{}&#8221;][et_pb_toggle title=&#8221;Innovaci\u00f3n Social&#8221; closed_toggle_background_color=&#8221;rgba(255,255,255,0)&#8221; icon_color=&#8221;#ff5b0c&#8221; open_icon_color=&#8221;#ff5b0c&#8221; _builder_version=&#8221;4.14.7&#8243; _module_preset=&#8221;default&#8221; title_font=&#8221;|700||on|||||&#8221; title_font_size=&#8221;14px&#8221; closed_title_font=&#8221;|700|||||||&#8221; body_font=&#8221;|300|||||||&#8221; max_width=&#8221;100%&#8221; custom_margin=&#8221;||15px||false|false&#8221; custom_padding=&#8221;12px||12px||true|false&#8221; hover_enabled=&#8221;0&#8243; border_radii=&#8221;on|6px|6px|6px|6px&#8221; border_color_all=&#8221;#dbdbdb&#8221; global_colors_info=&#8221;{}&#8221; sticky_enabled=&#8221;0&#8243;][\/et_pb_toggle][et_pb_toggle title=&#8221;Liderazgo transformacional&#8221; closed_toggle_background_color=&#8221;rgba(255,255,255,0)&#8221; icon_color=&#8221;#ff5b0c&#8221; open_icon_color=&#8221;#ff5b0c&#8221; _builder_version=&#8221;4.14.7&#8243; _module_preset=&#8221;default&#8221; title_font=&#8221;|700||on|||||&#8221; title_font_size=&#8221;14px&#8221; closed_title_font=&#8221;|700|||||||&#8221; body_font=&#8221;|300|||||||&#8221; max_width=&#8221;100%&#8221; custom_margin=&#8221;||15px||false|false&#8221; custom_padding=&#8221;12px||12px||true|false&#8221; hover_enabled=&#8221;0&#8243; border_radii=&#8221;on|6px|6px|6px|6px&#8221; border_color_all=&#8221;#dbdbdb&#8221; global_colors_info=&#8221;{}&#8221; sticky_enabled=&#8221;0&#8243;][\/et_pb_toggle][et_pb_toggle title=&#8221;Motivaci\u00f3n y superaci\u00f3n personal&#8221; closed_toggle_background_color=&#8221;rgba(255,255,255,0)&#8221; icon_color=&#8221;#ff5b0c&#8221; open_icon_color=&#8221;#ff5b0c&#8221; _builder_version=&#8221;4.14.7&#8243; _module_preset=&#8221;default&#8221; title_font=&#8221;|700||on|||||&#8221; title_font_size=&#8221;14px&#8221; closed_title_font=&#8221;|700|||||||&#8221; body_font=&#8221;|300|||||||&#8221; max_width=&#8221;100%&#8221; custom_margin=&#8221;||15px||false|false&#8221; custom_padding=&#8221;12px||12px||true|false&#8221; hover_enabled=&#8221;0&#8243; border_radii=&#8221;on|6px|6px|6px|6px&#8221; border_color_all=&#8221;#dbdbdb&#8221; global_colors_info=&#8221;{}&#8221; sticky_enabled=&#8221;0&#8243;][\/et_pb_toggle][et_pb_toggle title=&#8221;Prop\u00f3sito de vida y de organizaci\u00f3n&#8221; closed_toggle_background_color=&#8221;rgba(255,255,255,0)&#8221; icon_color=&#8221;#ff5b0c&#8221; open_icon_color=&#8221;#ff5b0c&#8221; _builder_version=&#8221;4.14.7&#8243; _module_preset=&#8221;default&#8221; title_font=&#8221;|700||on|||||&#8221; title_font_size=&#8221;14px&#8221; closed_title_font=&#8221;|700|||||||&#8221; body_font=&#8221;|300|||||||&#8221; max_width=&#8221;100%&#8221; custom_margin=&#8221;||15px||false|false&#8221; custom_padding=&#8221;12px||12px||true|false&#8221; hover_enabled=&#8221;0&#8243; border_radii=&#8221;on|6px|6px|6px|6px&#8221; border_color_all=&#8221;#dbdbdb&#8221; global_colors_info=&#8221;{}&#8221; sticky_enabled=&#8221;0&#8243;][\/et_pb_toggle][et_pb_toggle title=&#8221;Trascendencia y espiritualidad&#8221; closed_toggle_background_color=&#8221;rgba(255,255,255,0)&#8221; icon_color=&#8221;#ff5b0c&#8221; open_icon_color=&#8221;#ff5b0c&#8221; _builder_version=&#8221;4.14.7&#8243; _module_preset=&#8221;default&#8221; title_font=&#8221;|700||on|||||&#8221; title_font_size=&#8221;14px&#8221; closed_title_font=&#8221;|700|||||||&#8221; body_font=&#8221;|300|||||||&#8221; max_width=&#8221;100%&#8221; custom_margin=&#8221;||15px||false|false&#8221; custom_padding=&#8221;12px||12px||true|false&#8221; hover_enabled=&#8221;0&#8243; border_radii=&#8221;on|6px|6px|6px|6px&#8221; border_color_all=&#8221;#dbdbdb&#8221; global_colors_info=&#8221;{}&#8221; sticky_enabled=&#8221;0&#8243;][\/et_pb_toggle][\/et_pb_column][\/et_pb_row][\/et_pb_section]\n","protected":false},"excerpt":{"rendered":"<p>Cursos y TalleresNuestro objetivo es revolucionar el potencial humano Contamos con diversos cursos, talleres, diplomados y seminarios en modalidad presencial y en l\u00ednea, impartidos por expertos en el tema, con el objetivo de potencializar los resultados de negocio. Distinguir conceptos fundamentales del trabajo en equipo Desarrollar estrategias de trabajo que faciliten el funcionamiento como un [&hellip;]<\/p>\n","protected":false},"author":1,"featured_media":0,"parent":0,"menu_order":0,"comment_status":"closed","ping_status":"closed","template":"","meta":{"_et_pb_use_builder":"on","_et_pb_old_content":"","_et_gb_content_width":"","footnotes":""},"class_list":["post-172","page","type-page","status-publish","hentry"],"_links":{"self":[{"href":"https:\/\/cdh.com.mx\/index.php\/wp-json\/wp\/v2\/pages\/172","targetHints":{"allow":["GET"]}}],"collection":[{"href":"https:\/\/cdh.com.mx\/index.php\/wp-json\/wp\/v2\/pages"}],"about":[{"href":"https:\/\/cdh.com.mx\/index.php\/wp-json\/wp\/v2\/types\/page"}],"author":[{"embeddable":true,"href":"https:\/\/cdh.com.mx\/index.php\/wp-json\/wp\/v2\/users\/1"}],"replies":[{"embeddable":true,"href":"https:\/\/cdh.com.mx\/index.php\/wp-json\/wp\/v2\/comments?post=172"}],"version-history":[{"count":20,"href":"https:\/\/cdh.com.mx\/index.php\/wp-json\/wp\/v2\/pages\/172\/revisions"}],"predecessor-version":[{"id":671,"href":"https:\/\/cdh.com.mx\/index.php\/wp-json\/wp\/v2\/pages\/172\/revisions\/671"}],"wp:attachment":[{"href":"https:\/\/cdh.com.mx\/index.php\/wp-json\/wp\/v2\/media?parent=172"}],"curies":[{"name":"wp","href":"https:\/\/api.w.org\/{rel}","templated":true}]}}